{"id":143,"date":"2023-10-23T10:12:59","date_gmt":"2023-10-23T08:12:59","guid":{"rendered":"http:\/\/warchlewska.wzpbs2023.atthost24.pl\/?page_id=143"},"modified":"2024-01-19T11:26:57","modified_gmt":"2024-01-19T10:26:57","slug":"ochrona-mienia","status":"publish","type":"page","link":"https:\/\/scsystem.home.pl\/nowa2024\/ochrona-mienia\/","title":{"rendered":"Ochrona"},"content":{"rendered":"<div data-colibri-id=\"143-c1\" class=\"style-1510 style-local-143-c1 position-relative\">\r\n  <!---->\r\n  <div data-colibri-component=\"section\" data-colibri-id=\"143-c2\" id=\"about\" class=\"h-section h-section-global-spacing d-flex align-items-lg-center align-items-md-center align-items-center style-1511 style-local-143-c2 position-relative\">\r\n    <!---->\r\n    <!---->\r\n    <div class=\"h-section-grid-container h-section-boxed-container\">\r\n      <!---->\r\n      <div data-colibri-id=\"143-c3\" class=\"h-row-container gutters-row-lg-0 gutters-row-md-0 gutters-row-0 gutters-row-v-lg-0 gutters-row-v-md-0 gutters-row-v-0 style-1512 style-local-143-c3 position-relative\">\r\n        <!---->\r\n        <div class=\"h-row justify-content-lg-center justify-content-md-center justify-content-center align-items-lg-stretch align-items-md-stretch align-items-stretch gutters-col-lg-0 gutters-col-md-0 gutters-col-0 gutters-col-v-lg-0 gutters-col-v-md-0 gutters-col-v-0\">\r\n          <!---->\r\n          <div class=\"h-column h-column-container d-flex h-col-lg-auto h-col-md-auto h-col-auto style-1513-outer style-local-143-c4-outer\">\r\n            <div data-colibri-id=\"143-c4\" class=\"d-flex h-flex-basis h-column__inner h-px-lg-0 h-px-md-0 h-px-0 v-inner-lg-0 v-inner-md-0 v-inner-0 style-1513 style-local-143-c4 position-relative\">\r\n              <!---->\r\n              <!---->\r\n              <div class=\"w-100 h-y-container h-column__content h-column__v-align flex-basis-100 align-self-lg-start align-self-md-start align-self-start\">\r\n                <!---->\r\n                <div data-colibri-id=\"143-c6\" class=\"h-global-transition-all h-heading style-1515 style-local-143-c6 position-relative h-element\">\r\n                  <!---->\r\n                  <div class=\"h-heading__outer style-1515 style-local-143-c6\">\r\n                    <!---->\r\n                    <!---->\r\n                    <h2 class=\"\">Poznaj nasz\u0105 ofert\u0119 us\u0142ug ochrony<\/h2>\r\n                  <\/div>\r\n                <\/div>\r\n                <div data-colibri-id=\"143-c13\" class=\"h-x-container style-1522 style-local-143-c13 position-relative h-element\">\r\n                  <!---->\r\n                  <div class=\"h-x-container-inner style-dynamic-143-c13-group style-1522-spacing style-local-143-c13-spacing\"><span class=\"h-link__outer style-1523-outer style-local-143-c14-outer d-inline-flex h-element\"><a h-use-smooth-scroll=\"true\" href=\"https:\/\/scsystem.home.pl\/nowa2024\/dozor-i-ochrona-mienia\/\"  data-colibri-id=\"143-c14\" class=\"d-flex w-100 align-items-center h-link style-1523 style-local-143-c14 position-relative\"><!----><!----> <span>Doz\u00f3r i ochrona mienia<\/span><\/a>\r\n                    <\/span>\r\n                  <\/div>\r\n                <\/div>\r\n                <div data-colibri-id=\"143-c11\" class=\"h-x-container style-1520 style-local-143-c11 position-relative h-element\">\r\n                  <!---->\r\n                  <div class=\"h-x-container-inner style-dynamic-143-c11-group style-1520-spacing style-local-143-c11-spacing\"><span class=\"h-link__outer style-1521-outer style-local-143-c12-outer d-inline-flex h-element\"><a h-use-smooth-scroll=\"true\" href=\"https:\/\/scsystem.home.pl\/nowa2024\/uslugi-portierskie\/\"  data-colibri-id=\"143-c12\" class=\"d-flex w-100 align-items-center h-link style-1521 style-local-143-c12 position-relative\"><!----><!----> <span>Us\u0142ugi portierskie<\/span><\/a>\r\n                    <\/span>\r\n                  <\/div>\r\n                <\/div>\r\n                <div data-colibri-id=\"143-c9\" class=\"h-x-container style-1518 style-local-143-c9 position-relative h-element\">\r\n                  <!---->\r\n                  <div class=\"h-x-container-inner style-dynamic-143-c9-group style-1518-spacing style-local-143-c9-spacing\"><span class=\"h-link__outer style-1519-outer style-local-143-c10-outer d-inline-flex h-element\"><a h-use-smooth-scroll=\"true\" href=\"https:\/\/scsystem.home.pl\/nowa2024\/ochrona-danych-osobowych\/\"  data-colibri-id=\"143-c10\" class=\"d-flex w-100 align-items-center h-link style-1519 style-local-143-c10 position-relative\"><!----><!----> <span>Ochrona danych osobowych<\/span><\/a>\r\n                    <\/span>\r\n                  <\/div>\r\n                <\/div>\r\n              <\/div>\r\n            <\/div>\r\n          <\/div>\r\n          <div class=\"h-column h-column-container d-flex h-col-lg-auto h-col-md-auto h-col-auto style-1517-outer style-local-143-c8-outer\">\r\n            <div data-colibri-id=\"143-c8\" class=\"d-flex h-flex-basis h-column__inner h-ui-empty-state-container h-px-lg-2 h-px-md-2 h-px-2 v-inner-lg-2 v-inner-md-2 v-inner-2 style-1517 style-local-143-c8 position-relative\">\r\n              <!---->\r\n              <!---->\r\n              <div class=\"w-100 h-y-container h-column__content h-column__v-align flex-basis-100\">\r\n                <!---->\r\n              <\/div>\r\n            <\/div>\r\n          <\/div>\r\n        <\/div>\r\n      <\/div>\r\n    <\/div>\r\n  <\/div>\r\n<\/div>","protected":false},"excerpt":{"rendered":"<p>Poznaj nasz\u0105 ofert\u0119 us\u0142ug ochrony Doz\u00f3r i ochrona mienia Us\u0142ugi portierskie Ochrona danych osobowych<\/p>\n","protected":false},"author":1,"featured_media":0,"parent":0,"menu_order":0,"comment_status":"closed","ping_status":"closed","template":"page-templates\/full-width-page.php","meta":{"footnotes":""},"class_list":["post-143","page","type-page","status-publish","hentry"],"yoast_head":"<!-- This site is optimized with the Yoast SEO plugin v24.2 - https:\/\/yoast.com\/wordpress\/plugins\/seo\/ -->\n<title>Ochrona - SCS Security &amp; Cleaning System<\/title>\n<meta name=\"description\" content=\"Ochrona SCS Security &amp; Cleaning System. Poznaj nasz\u0105 ofert\u0119 us\u0142ug ochrony.\" \/>\n<meta name=\"robots\" content=\"index, follow, max-snippet:-1, max-image-preview:large, max-video-preview:-1\" \/>\n<link rel=\"canonical\" href=\"https:\/\/scsystem.home.pl\/nowa2024\/ochrona-mienia\/\" \/>\n<meta property=\"og:locale\" content=\"pl_PL\" \/>\n<meta property=\"og:type\" content=\"article\" \/>\n<meta property=\"og:title\" content=\"Ochrona - SCS Security &amp; Cleaning System\" \/>\n<meta property=\"og:description\" content=\"Ochrona SCS Security &amp; Cleaning System. Poznaj nasz\u0105 ofert\u0119 us\u0142ug ochrony.\" \/>\n<meta property=\"og:url\" content=\"https:\/\/scsystem.home.pl\/nowa2024\/ochrona-mienia\/\" \/>\n<meta property=\"og:site_name\" content=\"SCS Security &amp; Cleaning System\" \/>\n<meta property=\"article:modified_time\" content=\"2024-01-19T10:26:57+00:00\" \/>\n<meta name=\"twitter:card\" content=\"summary_large_image\" \/>\n<meta name=\"twitter:label1\" content=\"Szacowany czas czytania\" \/>\n\t<meta name=\"twitter:data1\" content=\"1 minuta\" \/>\n<script type=\"application\/ld+json\" class=\"yoast-schema-graph\">{\"@context\":\"https:\/\/schema.org\",\"@graph\":[{\"@type\":\"WebPage\",\"@id\":\"https:\/\/scsystem.home.pl\/nowa2024\/ochrona-mienia\/\",\"url\":\"https:\/\/scsystem.home.pl\/nowa2024\/ochrona-mienia\/\",\"name\":\"Ochrona - SCS Security &amp; Cleaning System\",\"isPartOf\":{\"@id\":\"https:\/\/scsystem.home.pl\/nowa2024\/#website\"},\"datePublished\":\"2023-10-23T08:12:59+00:00\",\"dateModified\":\"2024-01-19T10:26:57+00:00\",\"description\":\"Ochrona SCS Security & Cleaning System. Poznaj nasz\u0105 ofert\u0119 us\u0142ug ochrony.\",\"breadcrumb\":{\"@id\":\"https:\/\/scsystem.home.pl\/nowa2024\/ochrona-mienia\/#breadcrumb\"},\"inLanguage\":\"pl-PL\",\"potentialAction\":[{\"@type\":\"ReadAction\",\"target\":[\"https:\/\/scsystem.home.pl\/nowa2024\/ochrona-mienia\/\"]}]},{\"@type\":\"BreadcrumbList\",\"@id\":\"https:\/\/scsystem.home.pl\/nowa2024\/ochrona-mienia\/#breadcrumb\",\"itemListElement\":[{\"@type\":\"ListItem\",\"position\":1,\"name\":\"Strona g\u0142\u00f3wna\",\"item\":\"https:\/\/scsystem.home.pl\/nowa2024\/\"},{\"@type\":\"ListItem\",\"position\":2,\"name\":\"Ochrona\"}]},{\"@type\":\"WebSite\",\"@id\":\"https:\/\/scsystem.home.pl\/nowa2024\/#website\",\"url\":\"https:\/\/scsystem.home.pl\/nowa2024\/\",\"name\":\"SCS Security &amp; Cleaning System\",\"description\":\"Czysto\u015b\u0107, bezpiecze\u0144stwo, profesjonalizm\",\"publisher\":{\"@id\":\"https:\/\/scsystem.home.pl\/nowa2024\/#organization\"},\"potentialAction\":[{\"@type\":\"SearchAction\",\"target\":{\"@type\":\"EntryPoint\",\"urlTemplate\":\"https:\/\/scsystem.home.pl\/nowa2024\/?s={search_term_string}\"},\"query-input\":{\"@type\":\"PropertyValueSpecification\",\"valueRequired\":true,\"valueName\":\"search_term_string\"}}],\"inLanguage\":\"pl-PL\"},{\"@type\":\"Organization\",\"@id\":\"https:\/\/scsystem.home.pl\/nowa2024\/#organization\",\"name\":\"SCS Security &amp; Cleaning System\",\"url\":\"https:\/\/scsystem.home.pl\/nowa2024\/\",\"logo\":{\"@type\":\"ImageObject\",\"inLanguage\":\"pl-PL\",\"@id\":\"https:\/\/scsystem.home.pl\/nowa2024\/#\/schema\/logo\/image\/\",\"url\":\"https:\/\/scsystem.home.pl\/nowa2024\/wp-content\/uploads\/2023\/10\/cropped-scs-logo.png\",\"contentUrl\":\"https:\/\/scsystem.home.pl\/nowa2024\/wp-content\/uploads\/2023\/10\/cropped-scs-logo.png\",\"width\":174,\"height\":58,\"caption\":\"SCS Security &amp; Cleaning System\"},\"image\":{\"@id\":\"https:\/\/scsystem.home.pl\/nowa2024\/#\/schema\/logo\/image\/\"}}]}<\/script>\n<!-- \/ Yoast SEO plugin. -->","yoast_head_json":{"title":"Ochrona - SCS Security &amp; Cleaning System","description":"Ochrona SCS Security & Cleaning System. Poznaj nasz\u0105 ofert\u0119 us\u0142ug ochrony.","robots":{"index":"index","follow":"follow","max-snippet":"max-snippet:-1","max-image-preview":"max-image-preview:large","max-video-preview":"max-video-preview:-1"},"canonical":"https:\/\/scsystem.home.pl\/nowa2024\/ochrona-mienia\/","og_locale":"pl_PL","og_type":"article","og_title":"Ochrona - SCS Security &amp; Cleaning System","og_description":"Ochrona SCS Security & Cleaning System. Poznaj nasz\u0105 ofert\u0119 us\u0142ug ochrony.","og_url":"https:\/\/scsystem.home.pl\/nowa2024\/ochrona-mienia\/","og_site_name":"SCS Security &amp; Cleaning System","article_modified_time":"2024-01-19T10:26:57+00:00","twitter_card":"summary_large_image","twitter_misc":{"Szacowany czas czytania":"1 minuta"},"schema":{"@context":"https:\/\/schema.org","@graph":[{"@type":"WebPage","@id":"https:\/\/scsystem.home.pl\/nowa2024\/ochrona-mienia\/","url":"https:\/\/scsystem.home.pl\/nowa2024\/ochrona-mienia\/","name":"Ochrona - SCS Security &amp; Cleaning System","isPartOf":{"@id":"https:\/\/scsystem.home.pl\/nowa2024\/#website"},"datePublished":"2023-10-23T08:12:59+00:00","dateModified":"2024-01-19T10:26:57+00:00","description":"Ochrona SCS Security & Cleaning System. Poznaj nasz\u0105 ofert\u0119 us\u0142ug ochrony.","breadcrumb":{"@id":"https:\/\/scsystem.home.pl\/nowa2024\/ochrona-mienia\/#breadcrumb"},"inLanguage":"pl-PL","potentialAction":[{"@type":"ReadAction","target":["https:\/\/scsystem.home.pl\/nowa2024\/ochrona-mienia\/"]}]},{"@type":"BreadcrumbList","@id":"https:\/\/scsystem.home.pl\/nowa2024\/ochrona-mienia\/#breadcrumb","itemListElement":[{"@type":"ListItem","position":1,"name":"Strona g\u0142\u00f3wna","item":"https:\/\/scsystem.home.pl\/nowa2024\/"},{"@type":"ListItem","position":2,"name":"Ochrona"}]},{"@type":"WebSite","@id":"https:\/\/scsystem.home.pl\/nowa2024\/#website","url":"https:\/\/scsystem.home.pl\/nowa2024\/","name":"SCS Security &amp; Cleaning System","description":"Czysto\u015b\u0107, bezpiecze\u0144stwo, profesjonalizm","publisher":{"@id":"https:\/\/scsystem.home.pl\/nowa2024\/#organization"},"potentialAction":[{"@type":"SearchAction","target":{"@type":"EntryPoint","urlTemplate":"https:\/\/scsystem.home.pl\/nowa2024\/?s={search_term_string}"},"query-input":{"@type":"PropertyValueSpecification","valueRequired":true,"valueName":"search_term_string"}}],"inLanguage":"pl-PL"},{"@type":"Organization","@id":"https:\/\/scsystem.home.pl\/nowa2024\/#organization","name":"SCS Security &amp; Cleaning System","url":"https:\/\/scsystem.home.pl\/nowa2024\/","logo":{"@type":"ImageObject","inLanguage":"pl-PL","@id":"https:\/\/scsystem.home.pl\/nowa2024\/#\/schema\/logo\/image\/","url":"https:\/\/scsystem.home.pl\/nowa2024\/wp-content\/uploads\/2023\/10\/cropped-scs-logo.png","contentUrl":"https:\/\/scsystem.home.pl\/nowa2024\/wp-content\/uploads\/2023\/10\/cropped-scs-logo.png","width":174,"height":58,"caption":"SCS Security &amp; Cleaning System"},"image":{"@id":"https:\/\/scsystem.home.pl\/nowa2024\/#\/schema\/logo\/image\/"}}]}},"_links":{"self":[{"href":"https:\/\/scsystem.home.pl\/nowa2024\/wp-json\/wp\/v2\/pages\/143","targetHints":{"allow":["GET"]}}],"collection":[{"href":"https:\/\/scsystem.home.pl\/nowa2024\/wp-json\/wp\/v2\/pages"}],"about":[{"href":"https:\/\/scsystem.home.pl\/nowa2024\/wp-json\/wp\/v2\/types\/page"}],"author":[{"embeddable":true,"href":"https:\/\/scsystem.home.pl\/nowa2024\/wp-json\/wp\/v2\/users\/1"}],"replies":[{"embeddable":true,"href":"https:\/\/scsystem.home.pl\/nowa2024\/wp-json\/wp\/v2\/comments?post=143"}],"version-history":[{"count":3,"href":"https:\/\/scsystem.home.pl\/nowa2024\/wp-json\/wp\/v2\/pages\/143\/revisions"}],"predecessor-version":[{"id":1580,"href":"https:\/\/scsystem.home.pl\/nowa2024\/wp-json\/wp\/v2\/pages\/143\/revisions\/1580"}],"wp:attachment":[{"href":"https:\/\/scsystem.home.pl\/nowa2024\/wp-json\/wp\/v2\/media?parent=143"}],"curies":[{"name":"wp","href":"https:\/\/api.w.org\/{rel}","templated":true}]}}